{"id":168,"date":"2019-09-09T11:59:35","date_gmt":"2019-09-09T09:59:35","guid":{"rendered":"http:\/\/bergen-am-meer.nl\/ferienhaus\/?page_id=168"},"modified":"2024-05-17T14:56:03","modified_gmt":"2024-05-17T12:56:03","slug":"book-your-stay-vakantie-in-bergen-aan-zee","status":"publish","type":"page","link":"https:\/\/bergen-am-meer.nl\/ferienhaus\/book-your-stay-vakantie-in-bergen-aan-zee\/","title":{"rendered":"Book your stay"},"content":{"rendered":"<p>[et_pb_section fb_built=&#8221;1&#8243; _builder_version=&#8221;3.22.3&#8243; custom_padding=&#8221;||34px|||&#8221;][et_pb_row use_custom_gutter=&#8221;on&#8221; custom_padding=&#8221;|67px||0px||&#8221; custom_margin=&#8221;|auto||13px||&#8221; make_equal=&#8221;on&#8221; _builder_version=&#8221;3.24&#8243; background_size=&#8221;initial&#8221; background_position=&#8221;top_left&#8221; background_repeat=&#8221;repeat&#8221; width=&#8221;99.2%&#8221;][et_pb_column type=&#8221;4_4&#8243; _builder_version=&#8221;3.0.47&#8243;][et_pb_blurb title=&#8221;Sorry&#8230;..&#8221; image=&#8221;https:\/\/bergen-am-meer.nl\/wp-content\/uploads\/2023\/06\/IMG_5827.jpg&#8221; _builder_version=&#8221;3.24&#8243;]<\/p>\n<blockquote>\n<p>Het appartement Bergen am Meer is nu niet meer te boeken, ik ga verhuizen naar een andere woning in Bergen aan Zee. Het appartement staat nu te koop bij Croon makelaars in Bergen.\u00a0<\/p>\n<p><a href=\"https:\/\/www.croonmakelaars.nl\/woningen\/jacob-kalffweg-22-bergen-aan-zee-906848ab736b1a35994174ad41437c7b43d974\/\">Jacob Kalffweg 22 Bergen aan Zee 906848ab736b1a35994174ad41437c7b43d974 &#8211; Croon makelaars<\/a><br \/><span><\/span><\/p>\n<\/blockquote>\n<p>&nbsp;<\/p>\n<p><span>A<\/span>ktuell sind wir komplett ausgebucht.<br \/>Die Wohnung Bergen am Meer kann nicht mehr gebucht werden, ich werde in ein anderes Haus in Bergen aan Zee umziehen. Die Wohnung steht jetzt bei Croon makelaars in Bergen zum Verkauf.\u00a0<br \/><a href=\"https:\/\/www.croonmakelaars.nl\/woningen\/jacob-kalffweg-22-bergen-aan-zee-906848ab736b1a35994174ad41437c7b43d974\/\">Jacob Kalffweg 22 Bergen aan Zee 906848ab736b1a35994174ad41437c7b43d974 &#8211; Croon makelaars<\/a><\/p>\n<p>.<\/p>\n<p>[\/et_pb_blurb][\/et_pb_column][\/et_pb_row][et_pb_row _builder_version=&#8221;3.24&#8243;][et_pb_column type=&#8221;1_2&#8243; _builder_version=&#8221;3.24&#8243;][et_pb_pricing_tables _builder_version=&#8221;3.24&#8243;][et_pb_pricing_table title=&#8221;December, Maart, April &#038; Mei &#8221; subtitle=&#8221;Per nacht&#8221; sum=&#8221;250&#8243; _builder_version=&#8221;3.24&#8243;]<\/p>\n<p><span style=\"font-size: 14px;\">minimum verblijf 3 nachten<\/span><\/p>\n<p>&nbsp;<\/p>\n<p>[\/et_pb_pricing_table][et_pb_pricing_table title=&#8221;Juni en Juli en Augustus&#8221; subtitle=&#8221;Per nacht&#8221; sum=&#8221;325&#8243; _builder_version=&#8221;3.24&#8243;]<\/p>\n<p><span>minimum verblijf 3 nachten\u00a0<\/span><\/p>\n<p>&nbsp;<\/p>\n<p>[\/et_pb_pricing_table][\/et_pb_pricing_tables][\/et_pb_column][et_pb_column type=&#8221;1_2&#8243; _builder_version=&#8221;3.24&#8243;][et_pb_pricing_tables _builder_version=&#8221;3.24&#8243;][et_pb_pricing_table title=&#8221;September &#038; Oktober&#8221; subtitle=&#8221;Per nacht&#8221; sum=&#8221;275&#8243; _builder_version=&#8221;3.24&#8243;]<\/p>\n<p><span style=\"font-size: 14px;\">minimum verblijf 3 nachten\u00a0<\/span><\/p>\n<p>[\/et_pb_pricing_table][et_pb_pricing_table title=&#8221;November, Januari &#038; Februari &#8221; subtitle=&#8221;Per nacht&#8221; sum=&#8221;225&#8243; _builder_version=&#8221;3.24&#8243;]<\/p>\n<p><span style=\"font-size: 14px;\">minimum verblijf 4 nachten\u00a0<\/span><\/p>\n<p>[\/et_pb_pricing_table][\/et_pb_pricing_tables][\/et_pb_column][\/et_pb_row][\/et_pb_section]<\/p>\n","protected":false},"excerpt":{"rendered":"<p>[et_pb_section fb_built=&#8221;1&#8243; _builder_version=&#8221;3.22.3&#8243; custom_padding=&#8221;||34px|||&#8221;][et_pb_row use_custom_gutter=&#8221;on&#8221; custom_padding=&#8221;|67px||0px||&#8221; custom_margin=&#8221;|auto||13px||&#8221; make_equal=&#8221;on&#8221; _builder_version=&#8221;3.24&#8243; background_size=&#8221;initial&#8221; background_position=&#8221;top_left&#8221; background_repeat=&#8221;repeat&#8221; width=&#8221;99.2%&#8221;][et_pb_column type=&#8221;4_4&#8243; _builder_version=&#8221;3.0.47&#8243;][et_pb_blurb title=&#8221;Sorry&#8230;..&#8221; image=&#8221;https:\/\/bergen-am-meer.nl\/wp-content\/uploads\/2023\/06\/IMG_5827.jpg&#8221; _builder_version=&#8221;3.24&#8243;] Het appartement Bergen am Meer is nu niet meer te boeken, ik ga verhuizen naar een andere woning in Bergen aan Zee. Het appartement staat nu te koop bij Croon makelaars in Bergen.\u00a0 Jacob Kalffweg 22 Bergen [&hellip;]<\/p>\n","protected":false},"author":1,"featured_media":0,"parent":0,"menu_order":0,"comment_status":"closed","ping_status":"closed","template":"","meta":{"_et_pb_use_builder":"on","_et_pb_old_content":""},"yoast_head":"<!-- This site is optimized with the Yoast SEO plugin v18.4.1 - https:\/\/yoast.com\/wordpress\/plugins\/seo\/ -->\n<title>Book your stay - Bergen am Meer Ferienvermietung<\/title>\n<meta name=\"description\" content=\"%\" \/>\n<meta name=\"robots\" content=\"index, follow, max-snippet:-1, max-image-preview:large, max-video-preview:-1\" \/>\n<link rel=\"canonical\" href=\"https:\/\/bergen-am-meer.nl\/ferienhaus\/book-your-stay-vakantie-in-bergen-aan-zee\/\" \/>\n<meta property=\"og:locale\" content=\"nl_NL\" \/>\n<meta property=\"og:type\" content=\"article\" \/>\n<meta property=\"og:title\" content=\"Book your stay - Bergen am Meer Ferienvermietung\" \/>\n<meta property=\"og:description\" content=\"%\" \/>\n<meta property=\"og:url\" content=\"https:\/\/bergen-am-meer.nl\/ferienhaus\/book-your-stay-vakantie-in-bergen-aan-zee\/\" \/>\n<meta property=\"og:site_name\" content=\"Bergen am Meer Ferienvermietung\" \/>\n<meta property=\"article:modified_time\" content=\"2024-05-17T12:56:03+00:00\" \/>\n<meta name=\"twitter:card\" content=\"summary_large_image\" \/>\n<meta name=\"twitter:label1\" content=\"Geschatte leestijd\" \/>\n\t<meta name=\"twitter:data1\" content=\"1 minuut\" \/>\n<script type=\"application\/ld+json\" class=\"yoast-schema-graph\">{\"@context\":\"https:\/\/schema.org\",\"@graph\":[{\"@type\":\"Organization\",\"@id\":\"https:\/\/bergen-am-meer.nl\/ferienhaus\/#organization\",\"name\":\"Bergen aan Zee\",\"url\":\"https:\/\/bergen-am-meer.nl\/ferienhaus\/\",\"sameAs\":[\"https:\/\/www.instagram.com\/bergen_am_meer\/\"],\"logo\":{\"@type\":\"ImageObject\",\"@id\":\"https:\/\/bergen-am-meer.nl\/ferienhaus\/#logo\",\"inLanguage\":\"nl\",\"url\":\"https:\/\/bergen-am-meer.nl\/wp-content\/uploads\/2019\/06\/images.png\",\"contentUrl\":\"https:\/\/bergen-am-meer.nl\/wp-content\/uploads\/2019\/06\/images.png\",\"width\":225,\"height\":225,\"caption\":\"Bergen aan Zee\"},\"image\":{\"@id\":\"https:\/\/bergen-am-meer.nl\/ferienhaus\/#logo\"}},{\"@type\":\"WebSite\",\"@id\":\"https:\/\/bergen-am-meer.nl\/ferienhaus\/#website\",\"url\":\"https:\/\/bergen-am-meer.nl\/ferienhaus\/\",\"name\":\"Bergen am Meer Ferienvermietung\",\"description\":\"Luxus \u00dcbernachtung an der niederl\u00e4ndischen K\u00fcste\",\"publisher\":{\"@id\":\"https:\/\/bergen-am-meer.nl\/ferienhaus\/#organization\"},\"potentialAction\":[{\"@type\":\"SearchAction\",\"target\":{\"@type\":\"EntryPoint\",\"urlTemplate\":\"https:\/\/bergen-am-meer.nl\/ferienhaus\/?s={search_term_string}\"},\"query-input\":\"required name=search_term_string\"}],\"inLanguage\":\"nl\"},{\"@type\":\"WebPage\",\"@id\":\"https:\/\/bergen-am-meer.nl\/ferienhaus\/book-your-stay-vakantie-in-bergen-aan-zee\/#webpage\",\"url\":\"https:\/\/bergen-am-meer.nl\/ferienhaus\/book-your-stay-vakantie-in-bergen-aan-zee\/\",\"name\":\"Book your stay - Bergen am Meer Ferienvermietung\",\"isPartOf\":{\"@id\":\"https:\/\/bergen-am-meer.nl\/ferienhaus\/#website\"},\"datePublished\":\"2019-09-09T09:59:35+00:00\",\"dateModified\":\"2024-05-17T12:56:03+00:00\",\"description\":\"%\",\"breadcrumb\":{\"@id\":\"https:\/\/bergen-am-meer.nl\/ferienhaus\/book-your-stay-vakantie-in-bergen-aan-zee\/#breadcrumb\"},\"inLanguage\":\"nl\",\"potentialAction\":[{\"@type\":\"ReadAction\",\"target\":[\"https:\/\/bergen-am-meer.nl\/ferienhaus\/book-your-stay-vakantie-in-bergen-aan-zee\/\"]}]},{\"@type\":\"BreadcrumbList\",\"@id\":\"https:\/\/bergen-am-meer.nl\/ferienhaus\/book-your-stay-vakantie-in-bergen-aan-zee\/#breadcrumb\",\"itemListElement\":[{\"@type\":\"ListItem\",\"position\":1,\"name\":\"Home\",\"item\":\"https:\/\/bergen-am-meer.nl\/ferienhaus\/\"},{\"@type\":\"ListItem\",\"position\":2,\"name\":\"Book your stay\"}]}]}<\/script>\n<!-- \/ Yoast SEO plugin. -->","yoast_head_json":{"title":"Book your stay - Bergen am Meer Ferienvermietung","description":"%","robots":{"index":"index","follow":"follow","max-snippet":"max-snippet:-1","max-image-preview":"max-image-preview:large","max-video-preview":"max-video-preview:-1"},"canonical":"https:\/\/bergen-am-meer.nl\/ferienhaus\/book-your-stay-vakantie-in-bergen-aan-zee\/","og_locale":"nl_NL","og_type":"article","og_title":"Book your stay - Bergen am Meer Ferienvermietung","og_description":"%","og_url":"https:\/\/bergen-am-meer.nl\/ferienhaus\/book-your-stay-vakantie-in-bergen-aan-zee\/","og_site_name":"Bergen am Meer Ferienvermietung","article_modified_time":"2024-05-17T12:56:03+00:00","twitter_card":"summary_large_image","twitter_misc":{"Geschatte leestijd":"1 minuut"},"schema":{"@context":"https:\/\/schema.org","@graph":[{"@type":"Organization","@id":"https:\/\/bergen-am-meer.nl\/ferienhaus\/#organization","name":"Bergen aan Zee","url":"https:\/\/bergen-am-meer.nl\/ferienhaus\/","sameAs":["https:\/\/www.instagram.com\/bergen_am_meer\/"],"logo":{"@type":"ImageObject","@id":"https:\/\/bergen-am-meer.nl\/ferienhaus\/#logo","inLanguage":"nl","url":"https:\/\/bergen-am-meer.nl\/wp-content\/uploads\/2019\/06\/images.png","contentUrl":"https:\/\/bergen-am-meer.nl\/wp-content\/uploads\/2019\/06\/images.png","width":225,"height":225,"caption":"Bergen aan Zee"},"image":{"@id":"https:\/\/bergen-am-meer.nl\/ferienhaus\/#logo"}},{"@type":"WebSite","@id":"https:\/\/bergen-am-meer.nl\/ferienhaus\/#website","url":"https:\/\/bergen-am-meer.nl\/ferienhaus\/","name":"Bergen am Meer Ferienvermietung","description":"Luxus \u00dcbernachtung an der niederl\u00e4ndischen K\u00fcste","publisher":{"@id":"https:\/\/bergen-am-meer.nl\/ferienhaus\/#organization"},"potentialAction":[{"@type":"SearchAction","target":{"@type":"EntryPoint","urlTemplate":"https:\/\/bergen-am-meer.nl\/ferienhaus\/?s={search_term_string}"},"query-input":"required name=search_term_string"}],"inLanguage":"nl"},{"@type":"WebPage","@id":"https:\/\/bergen-am-meer.nl\/ferienhaus\/book-your-stay-vakantie-in-bergen-aan-zee\/#webpage","url":"https:\/\/bergen-am-meer.nl\/ferienhaus\/book-your-stay-vakantie-in-bergen-aan-zee\/","name":"Book your stay - Bergen am Meer Ferienvermietung","isPartOf":{"@id":"https:\/\/bergen-am-meer.nl\/ferienhaus\/#website"},"datePublished":"2019-09-09T09:59:35+00:00","dateModified":"2024-05-17T12:56:03+00:00","description":"%","breadcrumb":{"@id":"https:\/\/bergen-am-meer.nl\/ferienhaus\/book-your-stay-vakantie-in-bergen-aan-zee\/#breadcrumb"},"inLanguage":"nl","potentialAction":[{"@type":"ReadAction","target":["https:\/\/bergen-am-meer.nl\/ferienhaus\/book-your-stay-vakantie-in-bergen-aan-zee\/"]}]},{"@type":"BreadcrumbList","@id":"https:\/\/bergen-am-meer.nl\/ferienhaus\/book-your-stay-vakantie-in-bergen-aan-zee\/#breadcrumb","itemListElement":[{"@type":"ListItem","position":1,"name":"Home","item":"https:\/\/bergen-am-meer.nl\/ferienhaus\/"},{"@type":"ListItem","position":2,"name":"Book your stay"}]}]}},"_links":{"self":[{"href":"https:\/\/bergen-am-meer.nl\/ferienhaus\/wp-json\/wp\/v2\/pages\/168"}],"collection":[{"href":"https:\/\/bergen-am-meer.nl\/ferienhaus\/wp-json\/wp\/v2\/pages"}],"about":[{"href":"https:\/\/bergen-am-meer.nl\/ferienhaus\/wp-json\/wp\/v2\/types\/page"}],"author":[{"embeddable":true,"href":"https:\/\/bergen-am-meer.nl\/ferienhaus\/wp-json\/wp\/v2\/users\/1"}],"replies":[{"embeddable":true,"href":"https:\/\/bergen-am-meer.nl\/ferienhaus\/wp-json\/wp\/v2\/comments?post=168"}],"version-history":[{"count":57,"href":"https:\/\/bergen-am-meer.nl\/ferienhaus\/wp-json\/wp\/v2\/pages\/168\/revisions"}],"predecessor-version":[{"id":420,"href":"https:\/\/bergen-am-meer.nl\/ferienhaus\/wp-json\/wp\/v2\/pages\/168\/revisions\/420"}],"wp:attachment":[{"href":"https:\/\/bergen-am-meer.nl\/ferienhaus\/wp-json\/wp\/v2\/media?parent=168"}],"curies":[{"name":"wp","href":"https:\/\/api.w.org\/{rel}","templated":true}]}}